{"id":24,"date":"2018-02-16T12:46:54","date_gmt":"2018-02-16T12:46:54","guid":{"rendered":"https:\/\/aktienfinder.net\/blog\/?page_id=24"},"modified":"2022-06-14T12:30:10","modified_gmt":"2022-06-14T12:30:10","slug":"haftungsausschluss","status":"publish","type":"page","link":"https:\/\/aktienfinder.net\/blog\/haftungsausschluss\/","title":{"rendered":"Haftungsausschluss"},"content":{"rendered":"\t\t<div data-elementor-type=\"wp-page\" data-elementor-id=\"24\" class=\"elementor elementor-24\" data-elementor-post-type=\"page\">\n\t\t\t\t\t\t<section class=\"elementor-section elementor-top-section elementor-element elementor-element-04bab98 elementor-section-boxed elementor-section-height-default elementor-section-height-default\" data-id=\"04bab98\" data-element_type=\"section\" data-e-type=\"section\">\n\t\t\t\t\t\t<div class=\"elementor-container elementor-column-gap-default\">\n\t\t\t\t\t<div class=\"elementor-column elementor-col-100 elementor-top-column elementor-element elementor-element-554014f\" data-id=\"554014f\" data-element_type=\"column\" data-e-type=\"column\">\n\t\t\t<div class=\"elementor-widget-wrap elementor-element-populated\">\n\t\t\t\t\t\t<div class=\"elementor-element elementor-element-0a457db elementor-widget elementor-widget-text-editor\" data-id=\"0a457db\" data-element_type=\"widget\" data-e-type=\"widget\" data-widget_type=\"text-editor.default\">\n\t\t\t\t<div class=\"elementor-widget-container\">\n\t\t\t\t\t\t\t\t\t<p>S\u00e4mtliche Inhalte dieser Webseite stellen journalistische Publikationen dar. Sie dienen ausschlie\u00dflich Informations- und Lernzwecken und stellen keine Handlungsempfehlung hinsichtlich des Kaufs oder Verkaufs von Wertpapieren dar. Ein Handel mit Wertpapieren wie z.B. Aktien ist mit Chancen, aber auch mit Risiken bis hin zum Totalverlust verbunden und erfolgt auf eigene Verantwortung. Weder Aktienfinder.Net noch die Autoren \u00fcbernehmen eine Haftung f\u00fcr Sch\u00e4den und Verluste, die sich aus einer Handlung auf Basis der zur Verf\u00fcgung gestellten Informationen ergeben.<\/p><p>Alle Inhalte geben ausnahmslos und zu jeder Zeit die pers\u00f6nliche Meinung und Einsch\u00e4tzung des jeweiligen Autors wieder. Die Inhalte wurden sorgf\u00e4ltig nach bestem Wissen und Gewissen recherchiert und ber\u00fccksichtigen Informationen, die dem Autor zum Stand der Ver\u00f6ffentlichung bekannt waren. Wir \u00fcbernehmen jedoch keine Gew\u00e4hr f\u00fcr Richtigkeit, Vollst\u00e4ndigkeit und Aktualit\u00e4t der Inhalte.<\/p>\t\t\t\t\t\t\t\t<\/div>\n\t\t\t\t<\/div>\n\t\t\t\t\t<\/div>\n\t\t<\/div>\n\t\t\t\t\t<\/div>\n\t\t<\/section>\n\t\t\t\t<\/div>\n\t\t","protected":false},"excerpt":{"rendered":"<p>S\u00e4mtliche Inhalte dieser Webseite stellen journalistische Publikationen dar. Sie dienen ausschlie\u00dflich Informations- und Lernzwecken und stellen keine Handlungsempfehlung hinsichtlich des Kaufs oder Verkaufs von Wertpapieren dar. Ein Handel mit Wertpapieren wie z.B. Aktien ist mit Chancen, aber auch mit Risiken bis hin zum Totalverlust verbunden und erfolgt auf eigene Verantwortung. Weder Aktienfinder.Net noch die Autoren [&hellip;]<\/p>\n","protected":false},"author":1,"featured_media":0,"parent":0,"menu_order":0,"comment_status":"closed","ping_status":"closed","template":"","meta":{"footnotes":""},"class_list":["post-24","page","type-page","status-publish","hentry"],"yoast_head":"<!-- This site is optimized with the Yoast SEO plugin v27.5 - https:\/\/yoast.com\/product\/yoast-seo-wordpress\/ -->\n<title>Informationen \u00fcber die Risiken bei Investments in Aktien<\/title>\n<meta name=\"description\" content=\"Der Handel mit Aktien kann zu Kursverlusten f\u00fchren. Im Extremfall ist sogar der komplette Verlust des eingesetzten Kapitals m\u00f6glich. Dieser Blog repr\u00e4sentiert meine pers\u00f6nlichen Ansichten und Strategien, die weder f\u00fcr jeden Investor geeignet noch frei von Fehlern sind.\" \/>\n<meta name=\"robots\" content=\"index, follow, max-snippet:-1, max-image-preview:large, max-video-preview:-1\" \/>\n<link rel=\"canonical\" href=\"https:\/\/aktienfinder.net\/blog\/haftungsausschluss\/\" \/>\n<meta property=\"og:locale\" content=\"de_DE\" \/>\n<meta property=\"og:type\" content=\"article\" \/>\n<meta property=\"og:title\" content=\"Informationen \u00fcber die Risiken bei Investments in Aktien\" \/>\n<meta property=\"og:description\" content=\"Der Handel mit Aktien kann zu Kursverlusten f\u00fchren. Im Extremfall ist sogar der komplette Verlust des eingesetzten Kapitals m\u00f6glich. Dieser Blog repr\u00e4sentiert meine pers\u00f6nlichen Ansichten und Strategien, die weder f\u00fcr jeden Investor geeignet noch frei von Fehlern sind.\" \/>\n<meta property=\"og:url\" content=\"https:\/\/aktienfinder.net\/blog\/haftungsausschluss\/\" \/>\n<meta property=\"og:site_name\" content=\"Aktienfinder B\u00f6rsenbrief\" \/>\n<meta property=\"article:publisher\" content=\"https:\/\/www.facebook.com\/Aktienfinder\/\" \/>\n<meta property=\"article:modified_time\" content=\"2022-06-14T12:30:10+00:00\" \/>\n<meta property=\"og:image\" content=\"https:\/\/aktienfinder.net\/blog\/wp-content\/uploads\/2021\/10\/Aktienfinder-Icon-300px.png\" \/>\n\t<meta property=\"og:image:width\" content=\"300\" \/>\n\t<meta property=\"og:image:height\" content=\"300\" \/>\n\t<meta property=\"og:image:type\" content=\"image\/png\" \/>\n<meta name=\"twitter:card\" content=\"summary_large_image\" \/>\n<meta name=\"twitter:site\" content=\"@aktienfinder\" \/>\n<meta name=\"twitter:label1\" content=\"Gesch\u00e4tzte Lesezeit\" \/>\n\t<meta name=\"twitter:data1\" content=\"1\u00a0Minute\" \/>\n<script type=\"application\/ld+json\" class=\"yoast-schema-graph\">{\"@context\":\"https:\\\/\\\/schema.org\",\"@graph\":[{\"@type\":\"WebPage\",\"@id\":\"https:\\\/\\\/aktienfinder.net\\\/blog\\\/haftungsausschluss\\\/\",\"url\":\"https:\\\/\\\/aktienfinder.net\\\/blog\\\/haftungsausschluss\\\/\",\"name\":\"Informationen \u00fcber die Risiken bei Investments in Aktien\",\"isPartOf\":{\"@id\":\"https:\\\/\\\/aktienfinder.net\\\/blog\\\/#website\"},\"datePublished\":\"2018-02-16T12:46:54+00:00\",\"dateModified\":\"2022-06-14T12:30:10+00:00\",\"description\":\"Der Handel mit Aktien kann zu Kursverlusten f\u00fchren. Im Extremfall ist sogar der komplette Verlust des eingesetzten Kapitals m\u00f6glich. Dieser Blog repr\u00e4sentiert meine pers\u00f6nlichen Ansichten und Strategien, die weder f\u00fcr jeden Investor geeignet noch frei von Fehlern sind.\",\"breadcrumb\":{\"@id\":\"https:\\\/\\\/aktienfinder.net\\\/blog\\\/haftungsausschluss\\\/#breadcrumb\"},\"inLanguage\":\"de\",\"potentialAction\":[{\"@type\":\"ReadAction\",\"target\":[\"https:\\\/\\\/aktienfinder.net\\\/blog\\\/haftungsausschluss\\\/\"]}]},{\"@type\":\"BreadcrumbList\",\"@id\":\"https:\\\/\\\/aktienfinder.net\\\/blog\\\/haftungsausschluss\\\/#breadcrumb\",\"itemListElement\":[{\"@type\":\"ListItem\",\"position\":1,\"name\":\"Home\",\"item\":\"https:\\\/\\\/aktienfinder.net\\\/blog\\\/\"},{\"@type\":\"ListItem\",\"position\":2,\"name\":\"Haftungsausschluss\"}]},{\"@type\":\"WebSite\",\"@id\":\"https:\\\/\\\/aktienfinder.net\\\/blog\\\/#website\",\"url\":\"https:\\\/\\\/aktienfinder.net\\\/blog\\\/\",\"name\":\"Aktienfinder B\u00f6rsenbrief\",\"description\":\"Steigende Dividenden und Kurse mit Wachstumsaktien finden\",\"publisher\":{\"@id\":\"https:\\\/\\\/aktienfinder.net\\\/blog\\\/#organization\"},\"alternateName\":\"Aktienfinder.Net\",\"potentialAction\":[{\"@type\":\"SearchAction\",\"target\":{\"@type\":\"EntryPoint\",\"urlTemplate\":\"https:\\\/\\\/aktienfinder.net\\\/blog\\\/?s={search_term_string}\"},\"query-input\":{\"@type\":\"PropertyValueSpecification\",\"valueRequired\":true,\"valueName\":\"search_term_string\"}}],\"inLanguage\":\"de\"},{\"@type\":\"Organization\",\"@id\":\"https:\\\/\\\/aktienfinder.net\\\/blog\\\/#organization\",\"name\":\"Aktienfinder.Net GmbH\",\"url\":\"https:\\\/\\\/aktienfinder.net\\\/blog\\\/\",\"logo\":{\"@type\":\"ImageObject\",\"inLanguage\":\"de\",\"@id\":\"https:\\\/\\\/aktienfinder.net\\\/blog\\\/#\\\/schema\\\/logo\\\/image\\\/\",\"url\":\"https:\\\/\\\/aktienfinder.net\\\/blog\\\/wp-content\\\/uploads\\\/2025\\\/01\\\/Aktienfinder_Logo_2025.png\",\"contentUrl\":\"https:\\\/\\\/aktienfinder.net\\\/blog\\\/wp-content\\\/uploads\\\/2025\\\/01\\\/Aktienfinder_Logo_2025.png\",\"width\":500,\"height\":99,\"caption\":\"Aktienfinder.Net GmbH\"},\"image\":{\"@id\":\"https:\\\/\\\/aktienfinder.net\\\/blog\\\/#\\\/schema\\\/logo\\\/image\\\/\"},\"sameAs\":[\"https:\\\/\\\/www.facebook.com\\\/Aktienfinder\\\/\",\"https:\\\/\\\/x.com\\\/aktienfinder\",\"https:\\\/\\\/de.trustpilot.com\\\/review\\\/aktienfinder.net\",\"https:\\\/\\\/www.pinterest.de\\\/aktienfinder\",\"https:\\\/\\\/www.youtube.com\\\/c\\\/aktienfinder\"]}]}<\/script>\n<!-- \/ Yoast SEO plugin. -->","yoast_head_json":{"title":"Informationen \u00fcber die Risiken bei Investments in Aktien","description":"Der Handel mit Aktien kann zu Kursverlusten f\u00fchren. Im Extremfall ist sogar der komplette Verlust des eingesetzten Kapitals m\u00f6glich. Dieser Blog repr\u00e4sentiert meine pers\u00f6nlichen Ansichten und Strategien, die weder f\u00fcr jeden Investor geeignet noch frei von Fehlern sind.","robots":{"index":"index","follow":"follow","max-snippet":"max-snippet:-1","max-image-preview":"max-image-preview:large","max-video-preview":"max-video-preview:-1"},"canonical":"https:\/\/aktienfinder.net\/blog\/haftungsausschluss\/","og_locale":"de_DE","og_type":"article","og_title":"Informationen \u00fcber die Risiken bei Investments in Aktien","og_description":"Der Handel mit Aktien kann zu Kursverlusten f\u00fchren. Im Extremfall ist sogar der komplette Verlust des eingesetzten Kapitals m\u00f6glich. Dieser Blog repr\u00e4sentiert meine pers\u00f6nlichen Ansichten und Strategien, die weder f\u00fcr jeden Investor geeignet noch frei von Fehlern sind.","og_url":"https:\/\/aktienfinder.net\/blog\/haftungsausschluss\/","og_site_name":"Aktienfinder B\u00f6rsenbrief","article_publisher":"https:\/\/www.facebook.com\/Aktienfinder\/","article_modified_time":"2022-06-14T12:30:10+00:00","og_image":[{"width":300,"height":300,"url":"https:\/\/aktienfinder.net\/blog\/wp-content\/uploads\/2021\/10\/Aktienfinder-Icon-300px.png","type":"image\/png"}],"twitter_card":"summary_large_image","twitter_site":"@aktienfinder","twitter_misc":{"Gesch\u00e4tzte Lesezeit":"1\u00a0Minute"},"schema":{"@context":"https:\/\/schema.org","@graph":[{"@type":"WebPage","@id":"https:\/\/aktienfinder.net\/blog\/haftungsausschluss\/","url":"https:\/\/aktienfinder.net\/blog\/haftungsausschluss\/","name":"Informationen \u00fcber die Risiken bei Investments in Aktien","isPartOf":{"@id":"https:\/\/aktienfinder.net\/blog\/#website"},"datePublished":"2018-02-16T12:46:54+00:00","dateModified":"2022-06-14T12:30:10+00:00","description":"Der Handel mit Aktien kann zu Kursverlusten f\u00fchren. Im Extremfall ist sogar der komplette Verlust des eingesetzten Kapitals m\u00f6glich. Dieser Blog repr\u00e4sentiert meine pers\u00f6nlichen Ansichten und Strategien, die weder f\u00fcr jeden Investor geeignet noch frei von Fehlern sind.","breadcrumb":{"@id":"https:\/\/aktienfinder.net\/blog\/haftungsausschluss\/#breadcrumb"},"inLanguage":"de","potentialAction":[{"@type":"ReadAction","target":["https:\/\/aktienfinder.net\/blog\/haftungsausschluss\/"]}]},{"@type":"BreadcrumbList","@id":"https:\/\/aktienfinder.net\/blog\/haftungsausschluss\/#breadcrumb","itemListElement":[{"@type":"ListItem","position":1,"name":"Home","item":"https:\/\/aktienfinder.net\/blog\/"},{"@type":"ListItem","position":2,"name":"Haftungsausschluss"}]},{"@type":"WebSite","@id":"https:\/\/aktienfinder.net\/blog\/#website","url":"https:\/\/aktienfinder.net\/blog\/","name":"Aktienfinder B\u00f6rsenbrief","description":"Steigende Dividenden und Kurse mit Wachstumsaktien finden","publisher":{"@id":"https:\/\/aktienfinder.net\/blog\/#organization"},"alternateName":"Aktienfinder.Net","potentialAction":[{"@type":"SearchAction","target":{"@type":"EntryPoint","urlTemplate":"https:\/\/aktienfinder.net\/blog\/?s={search_term_string}"},"query-input":{"@type":"PropertyValueSpecification","valueRequired":true,"valueName":"search_term_string"}}],"inLanguage":"de"},{"@type":"Organization","@id":"https:\/\/aktienfinder.net\/blog\/#organization","name":"Aktienfinder.Net GmbH","url":"https:\/\/aktienfinder.net\/blog\/","logo":{"@type":"ImageObject","inLanguage":"de","@id":"https:\/\/aktienfinder.net\/blog\/#\/schema\/logo\/image\/","url":"https:\/\/aktienfinder.net\/blog\/wp-content\/uploads\/2025\/01\/Aktienfinder_Logo_2025.png","contentUrl":"https:\/\/aktienfinder.net\/blog\/wp-content\/uploads\/2025\/01\/Aktienfinder_Logo_2025.png","width":500,"height":99,"caption":"Aktienfinder.Net GmbH"},"image":{"@id":"https:\/\/aktienfinder.net\/blog\/#\/schema\/logo\/image\/"},"sameAs":["https:\/\/www.facebook.com\/Aktienfinder\/","https:\/\/x.com\/aktienfinder","https:\/\/de.trustpilot.com\/review\/aktienfinder.net","https:\/\/www.pinterest.de\/aktienfinder","https:\/\/www.youtube.com\/c\/aktienfinder"]}]}},"_links":{"self":[{"href":"https:\/\/aktienfinder.net\/blog\/wp-json\/wp\/v2\/pages\/24","targetHints":{"allow":["GET"]}}],"collection":[{"href":"https:\/\/aktienfinder.net\/blog\/wp-json\/wp\/v2\/pages"}],"about":[{"href":"https:\/\/aktienfinder.net\/blog\/wp-json\/wp\/v2\/types\/page"}],"author":[{"embeddable":true,"href":"https:\/\/aktienfinder.net\/blog\/wp-json\/wp\/v2\/users\/1"}],"replies":[{"embeddable":true,"href":"https:\/\/aktienfinder.net\/blog\/wp-json\/wp\/v2\/comments?post=24"}],"version-history":[{"count":9,"href":"https:\/\/aktienfinder.net\/blog\/wp-json\/wp\/v2\/pages\/24\/revisions"}],"predecessor-version":[{"id":17586,"href":"https:\/\/aktienfinder.net\/blog\/wp-json\/wp\/v2\/pages\/24\/revisions\/17586"}],"wp:attachment":[{"href":"https:\/\/aktienfinder.net\/blog\/wp-json\/wp\/v2\/media?parent=24"}],"curies":[{"name":"wp","href":"https:\/\/api.w.org\/{rel}","templated":true}]}}